{"id":138,"date":"2022-12-09T00:10:12","date_gmt":"2022-12-09T00:10:12","guid":{"rendered":"http:\/\/conscienzhare.com.previewc75.carrierzone.com\/?page_id=138"},"modified":"2023-01-26T02:49:23","modified_gmt":"2023-01-26T02:49:23","slug":"blog","status":"publish","type":"page","link":"http:\/\/conscienzhare.com.previewc75.carrierzone.com\/?page_id=138","title":{"rendered":"Blog"},"content":{"rendered":"<p>[et_pb_section fb_built=&#8221;1&#8243; admin_label=&#8221;Page Title Section&#8221; _builder_version=&#8221;4.18.0&#8243; use_background_color_gradient=&#8221;on&#8221; background_color_gradient_stops=&#8221;#23a6ba 0%|#832f89 100%&#8221; background_enable_image=&#8221;off&#8221; custom_padding=&#8221;7px||8px|||&#8221; global_colors_info=&#8221;{}&#8221;][et_pb_row admin_label=&#8221;Page Title Area&#8221; _builder_version=&#8221;4.16&#8243; background_size=&#8221;initial&#8221; background_position=&#8221;top_left&#8221; background_repeat=&#8221;repeat&#8221; global_colors_info=&#8221;{}&#8221;][et_pb_column type=&#8221;4_4&#8243; _builder_version=&#8221;4.16&#8243; custom_padding=&#8221;|||&#8221; global_colors_info=&#8221;{}&#8221; custom_padding__hover=&#8221;|||&#8221;][et_pb_text admin_label=&#8221;Title&#8221; _builder_version=&#8221;4.18.0&#8243; text_font=&#8221;Poppins||||||||&#8221; text_font_size=&#8221;18px&#8221; text_line_height=&#8221;1.8em&#8221; header_font=&#8221;Poppins|600|||||||&#8221; header_font_size=&#8221;48px&#8221; header_line_height=&#8221;1.4em&#8221; header_2_font=&#8221;||||||||&#8221; text_orientation=&#8221;center&#8221; background_layout=&#8221;dark&#8221; max_width=&#8221;700px&#8221; module_alignment=&#8221;center&#8221; custom_margin=&#8221;|||&#8221; animation_style=&#8221;fade&#8221; text_font_size_tablet=&#8221;18px&#8221; text_font_size_phone=&#8221;14px&#8221; text_font_size_last_edited=&#8221;on|phone&#8221; header_font_size_tablet=&#8221;48px&#8221; header_font_size_phone=&#8221;34px&#8221; header_font_size_last_edited=&#8221;on|phone&#8221; global_colors_info=&#8221;{}&#8221;]<\/p>\n<h1 style=\"text-align: center;\">Blog Conscienzhare<\/h1>\n<p style=\"text-align: center;\">Ponemos a tu disposici\u00f3n art\u00edculos creados por nuestro equipo de expertas.<\/p>\n<p>[\/et_pb_text][\/et_pb_column][\/et_pb_row][\/et_pb_section][et_pb_section fb_built=&#8221;1&#8243; _builder_version=&#8221;4.18.0&#8243; _module_preset=&#8221;default&#8221; custom_padding=&#8221;6px||11px|||&#8221; global_colors_info=&#8221;{}&#8221;][et_pb_row column_structure=&#8221;1_5,1_5,1_5,1_5,1_5&#8243; _builder_version=&#8221;4.18.0&#8243; _module_preset=&#8221;default&#8221; global_colors_info=&#8221;{}&#8221;][et_pb_column type=&#8221;1_5&#8243; _builder_version=&#8221;4.18.0&#8243; _module_preset=&#8221;default&#8221; global_colors_info=&#8221;{}&#8221;][et_pb_team_member name=&#8221;De: Diana Gomez&#8221; position=&#8221;\u00bfCu\u00e1les son los s\u00edntomas de la depresi\u00f3n? &#8221; image_url=&#8221;http:\/\/conscienzhare.com.previewc75.carrierzone.com\/wp-content\/uploads\/2022\/12\/depresion-queretaro_Mesa-de-trabajo-1.png&#8221; admin_label=&#8221;Member 01&#8243; _builder_version=&#8221;4.18.0&#8243; header_font=&#8221;Montserrat||||&#8221; header_text_color=&#8221;#1f1f1f&#8221; header_font_size=&#8221;22px&#8221; header_line_height=&#8221;2em&#8221; body_text_color=&#8221;#666666&#8243; body_font_size=&#8221;16px&#8221; position_text_color=&#8221;#44abba&#8221; background_size=&#8221;initial&#8221; background_position=&#8221;top_left&#8221; background_repeat=&#8221;repeat&#8221; text_orientation=&#8221;center&#8221; custom_padding=&#8221;|||&#8221; animation_style=&#8221;fold&#8221; animation_direction=&#8221;bottom&#8221; animation_delay=&#8221;100ms&#8221; animation_intensity_fold=&#8221;20%&#8221; link_option_url=&#8221;http:\/\/conscienzhare.com.previewc75.carrierzone.com\/?page_id=251&#8243; link_option_url_new_window=&#8221;on&#8221; locked=&#8221;off&#8221; global_colors_info=&#8221;{}&#8221;][\/et_pb_team_member][\/et_pb_column][et_pb_column type=&#8221;1_5&#8243; _builder_version=&#8221;4.18.0&#8243; _module_preset=&#8221;default&#8221; global_colors_info=&#8221;{}&#8221;][et_pb_team_member name=&#8221;De: Karla Diaz Barriga&#8221; position=&#8221;\u00bfEs posible tomar terapia de pareja online? &#8221; image_url=&#8221;http:\/\/conscienzhare.com.previewc75.carrierzone.com\/wp-content\/uploads\/2022\/12\/terapia-de-pareja-online_Mesa-de-trabajo-1.png&#8221; admin_label=&#8221;Member 01&#8243; _builder_version=&#8221;4.18.0&#8243; header_font=&#8221;Montserrat||||&#8221; header_text_color=&#8221;#1f1f1f&#8221; header_font_size=&#8221;22px&#8221; header_line_height=&#8221;2em&#8221; body_text_color=&#8221;#666666&#8243; body_font_size=&#8221;16px&#8221; position_text_color=&#8221;#44abba&#8221; background_size=&#8221;initial&#8221; background_position=&#8221;top_left&#8221; background_repeat=&#8221;repeat&#8221; text_orientation=&#8221;center&#8221; custom_padding=&#8221;|||&#8221; animation_style=&#8221;fold&#8221; animation_direction=&#8221;bottom&#8221; animation_delay=&#8221;100ms&#8221; animation_intensity_fold=&#8221;20%&#8221; link_option_url=&#8221;http:\/\/conscienzhare.com.previewc75.carrierzone.com\/?page_id=277&#8243; link_option_url_new_window=&#8221;on&#8221; hover_enabled=&#8221;0&#8243; locked=&#8221;off&#8221; global_colors_info=&#8221;{}&#8221; sticky_enabled=&#8221;0&#8243;][\/et_pb_team_member][\/et_pb_column][et_pb_column type=&#8221;1_5&#8243; _builder_version=&#8221;4.18.0&#8243; _module_preset=&#8221;default&#8221; global_colors_info=&#8221;{}&#8221;][et_pb_team_member name=&#8221;De: Adriana Morales&#8221; position=&#8221;\u00bfQu\u00e9 es la Educaci\u00f3n socioemocional y c\u00f3mo ser un experto?&#8221; image_url=&#8221;http:\/\/conscienzhare.com.previewc75.carrierzone.com\/wp-content\/uploads\/2022\/12\/inteligencia-socioemocional-queretaro_Mesa-de-trabajo-1.png&#8221; admin_label=&#8221;Member 01&#8243; _builder_version=&#8221;4.18.0&#8243; header_font=&#8221;Montserrat||||&#8221; header_text_color=&#8221;#1f1f1f&#8221; header_font_size=&#8221;22px&#8221; header_line_height=&#8221;2em&#8221; body_text_color=&#8221;#666666&#8243; body_font_size=&#8221;16px&#8221; position_text_color=&#8221;#44abba&#8221; background_size=&#8221;initial&#8221; background_position=&#8221;top_left&#8221; background_repeat=&#8221;repeat&#8221; text_orientation=&#8221;center&#8221; custom_padding=&#8221;|||&#8221; animation_style=&#8221;fold&#8221; animation_direction=&#8221;bottom&#8221; animation_delay=&#8221;100ms&#8221; animation_intensity_fold=&#8221;20%&#8221; link_option_url=&#8221;http:\/\/conscienzhare.com.previewc75.carrierzone.com\/?page_id=234&#8243; link_option_url_new_window=&#8221;on&#8221; locked=&#8221;off&#8221; global_colors_info=&#8221;{}&#8221;][\/et_pb_team_member][\/et_pb_column][et_pb_column type=&#8221;1_5&#8243; _builder_version=&#8221;4.18.0&#8243; _module_preset=&#8221;default&#8221; global_colors_info=&#8221;{}&#8221;][et_pb_team_member name=&#8221;De: Marisela Soto&#8221; position=&#8221;Terapia de pareja \u00bfQu\u00e9 es y para qu\u00e9 sirve?&#8221; image_url=&#8221;http:\/\/conscienzhare.com.previewc75.carrierzone.com\/wp-content\/uploads\/2022\/12\/terapia-de-pareja-queretaro_1_Mesa-de-trabajo-1.png&#8221; admin_label=&#8221;Member 01&#8243; _builder_version=&#8221;4.18.0&#8243; header_font=&#8221;Montserrat||||&#8221; header_text_color=&#8221;#1f1f1f&#8221; header_font_size=&#8221;22px&#8221; header_line_height=&#8221;2em&#8221; body_text_color=&#8221;#666666&#8243; body_font_size=&#8221;16px&#8221; position_text_color=&#8221;#44abba&#8221; background_size=&#8221;initial&#8221; background_position=&#8221;top_left&#8221; background_repeat=&#8221;repeat&#8221; text_orientation=&#8221;center&#8221; custom_padding=&#8221;|||&#8221; animation_style=&#8221;fold&#8221; animation_direction=&#8221;bottom&#8221; animation_delay=&#8221;100ms&#8221; animation_intensity_fold=&#8221;20%&#8221; link_option_url=&#8221;http:\/\/conscienzhare.com.previewc75.carrierzone.com\/?page_id=263&#8243; link_option_url_new_window=&#8221;on&#8221; locked=&#8221;off&#8221; global_colors_info=&#8221;{}&#8221;][\/et_pb_team_member][\/et_pb_column][et_pb_column type=&#8221;1_5&#8243; _builder_version=&#8221;4.18.0&#8243; _module_preset=&#8221;default&#8221; global_colors_info=&#8221;{}&#8221;][et_pb_team_member name=&#8221;De: Diana Gomez&#8221; position=&#8221;\u00bfSabes qu\u00e9 es la ansiedad?&#8221; image_url=&#8221;http:\/\/conscienzhare.com.previewc75.carrierzone.com\/wp-content\/uploads\/2022\/12\/que-es-la-ansiedad-queretaro_Mesa-de-trabajo-1.png&#8221; admin_label=&#8221;Member 01&#8243; _builder_version=&#8221;4.18.0&#8243; header_font=&#8221;Montserrat||||&#8221; header_text_color=&#8221;#1f1f1f&#8221; header_font_size=&#8221;22px&#8221; header_line_height=&#8221;2em&#8221; body_text_color=&#8221;#666666&#8243; body_font_size=&#8221;16px&#8221; position_text_color=&#8221;#44abba&#8221; background_size=&#8221;initial&#8221; background_position=&#8221;top_left&#8221; background_repeat=&#8221;repeat&#8221; text_orientation=&#8221;center&#8221; custom_padding=&#8221;|||&#8221; animation_style=&#8221;fold&#8221; animation_direction=&#8221;bottom&#8221; animation_delay=&#8221;100ms&#8221; animation_intensity_fold=&#8221;20%&#8221; link_option_url=&#8221;http:\/\/conscienzhare.com.previewc75.carrierzone.com\/?page_id=244&#8243; link_option_url_new_window=&#8221;on&#8221; locked=&#8221;off&#8221; global_colors_info=&#8221;{}&#8221;][\/et_pb_team_member][\/et_pb_column][\/et_pb_row][et_pb_row column_structure=&#8221;1_4,1_4,1_4,1_4&#8243; _builder_version=&#8221;4.18.0&#8243; _module_preset=&#8221;default&#8221; global_colors_info=&#8221;{}&#8221;][et_pb_column type=&#8221;1_4&#8243; _builder_version=&#8221;4.18.0&#8243; _module_preset=&#8221;default&#8221; global_colors_info=&#8221;{}&#8221;][et_pb_team_member name=&#8221;De: Marisela Soto&#8221; position=&#8221;Comunicaci\u00f3n no violenta&#8221; image_url=&#8221;http:\/\/conscienzhare.com.previewc75.carrierzone.com\/wp-content\/uploads\/2022\/12\/comunicacion-no-violenta-queretaro_Mesa-de-trabajo-1.png&#8221; admin_label=&#8221;Member 01&#8243; _builder_version=&#8221;4.18.0&#8243; header_font=&#8221;Montserrat||||&#8221; header_text_color=&#8221;#1f1f1f&#8221; header_font_size=&#8221;22px&#8221; header_line_height=&#8221;2em&#8221; body_text_color=&#8221;#666666&#8243; body_font_size=&#8221;16px&#8221; position_text_color=&#8221;#44abba&#8221; background_size=&#8221;initial&#8221; background_position=&#8221;top_left&#8221; background_repeat=&#8221;repeat&#8221; text_orientation=&#8221;center&#8221; custom_padding=&#8221;|||&#8221; animation_style=&#8221;fold&#8221; animation_direction=&#8221;bottom&#8221; animation_delay=&#8221;100ms&#8221; animation_intensity_fold=&#8221;20%&#8221; link_option_url=&#8221;http:\/\/conscienzhare.com.previewc75.carrierzone.com\/?page_id=270&#8243; link_option_url_new_window=&#8221;on&#8221; locked=&#8221;off&#8221; global_colors_info=&#8221;{}&#8221;][\/et_pb_team_member][\/et_pb_column][et_pb_column type=&#8221;1_4&#8243; _builder_version=&#8221;4.18.0&#8243; _module_preset=&#8221;default&#8221; global_colors_info=&#8221;{}&#8221;][et_pb_team_member name=&#8221;De: Adriana Morales&#8221; position=&#8221;Inteligencia emocional \u00bfQu\u00e9 es y para qu\u00e9 sirve?&#8221; image_url=&#8221;http:\/\/conscienzhare.com.previewc75.carrierzone.com\/wp-content\/uploads\/2022\/12\/inteligencia-emocional-queretaro.png&#8221; admin_label=&#8221;Member 01&#8243; _builder_version=&#8221;4.18.0&#8243; header_font=&#8221;Montserrat||||&#8221; header_text_color=&#8221;#1f1f1f&#8221; header_font_size=&#8221;22px&#8221; header_line_height=&#8221;2em&#8221; body_text_color=&#8221;#666666&#8243; body_font_size=&#8221;16px&#8221; position_text_color=&#8221;#44abba&#8221; background_size=&#8221;initial&#8221; background_position=&#8221;top_left&#8221; background_repeat=&#8221;repeat&#8221; text_orientation=&#8221;center&#8221; custom_padding=&#8221;|||&#8221; animation_style=&#8221;fold&#8221; animation_direction=&#8221;bottom&#8221; animation_delay=&#8221;100ms&#8221; animation_intensity_fold=&#8221;20%&#8221; link_option_url=&#8221;http:\/\/conscienzhare.com.previewc75.carrierzone.com\/?page_id=216&#8243; link_option_url_new_window=&#8221;on&#8221; locked=&#8221;off&#8221; global_colors_info=&#8221;{}&#8221;][\/et_pb_team_member][\/et_pb_column][et_pb_column type=&#8221;1_4&#8243; _builder_version=&#8221;4.18.0&#8243; _module_preset=&#8221;default&#8221; global_colors_info=&#8221;{}&#8221;][et_pb_team_member name=&#8221;De: Karla Diaz&#8221; position=&#8221;Ansiedad en relaciones sentimentales&#8221; image_url=&#8221;http:\/\/conscienzhare.com.previewc75.carrierzone.com\/wp-content\/uploads\/2022\/12\/ansiendad-en-relaciones-queretaro_Mesa-de-trabajo-1.png&#8221; admin_label=&#8221;Member 01&#8243; _builder_version=&#8221;4.18.0&#8243; header_font=&#8221;Montserrat||||&#8221; header_text_color=&#8221;#1f1f1f&#8221; header_font_size=&#8221;22px&#8221; header_line_height=&#8221;2em&#8221; body_text_color=&#8221;#666666&#8243; body_font_size=&#8221;16px&#8221; position_text_color=&#8221;#44abba&#8221; background_size=&#8221;initial&#8221; background_position=&#8221;top_left&#8221; background_repeat=&#8221;repeat&#8221; text_orientation=&#8221;center&#8221; custom_padding=&#8221;|||&#8221; animation_style=&#8221;fold&#8221; animation_direction=&#8221;bottom&#8221; animation_delay=&#8221;100ms&#8221; animation_intensity_fold=&#8221;20%&#8221; link_option_url=&#8221;http:\/\/conscienzhare.com.previewc75.carrierzone.com\/?page_id=283&#8243; link_option_url_new_window=&#8221;on&#8221; hover_enabled=&#8221;0&#8243; locked=&#8221;off&#8221; global_colors_info=&#8221;{}&#8221; sticky_enabled=&#8221;0&#8243;][\/et_pb_team_member][\/et_pb_column][et_pb_column type=&#8221;1_4&#8243; _builder_version=&#8221;4.18.0&#8243; _module_preset=&#8221;default&#8221; global_colors_info=&#8221;{}&#8221;][et_pb_team_member name=&#8221;De: Diana Gomez&#8221; position=&#8221;\u00bfAtaques de p\u00e1nico?&#8221; image_url=&#8221;http:\/\/conscienzhare.com.previewc75.carrierzone.com\/wp-content\/uploads\/2022\/12\/ataques-de-panico-queretaro_Mesa-de-trabajo-1.png&#8221; admin_label=&#8221;Member 01&#8243; _builder_version=&#8221;4.18.0&#8243; header_font=&#8221;Montserrat||||&#8221; header_text_color=&#8221;#1f1f1f&#8221; header_font_size=&#8221;22px&#8221; header_line_height=&#8221;2em&#8221; body_text_color=&#8221;#666666&#8243; body_font_size=&#8221;16px&#8221; position_text_color=&#8221;#44abba&#8221; background_size=&#8221;initial&#8221; background_position=&#8221;top_left&#8221; background_repeat=&#8221;repeat&#8221; text_orientation=&#8221;center&#8221; custom_padding=&#8221;|||&#8221; animation_style=&#8221;fold&#8221; animation_direction=&#8221;bottom&#8221; animation_delay=&#8221;100ms&#8221; animation_intensity_fold=&#8221;20%&#8221; link_option_url=&#8221;http:\/\/conscienzhare.com.previewc75.carrierzone.com\/?page_id=256&#8243; link_option_url_new_window=&#8221;on&#8221; locked=&#8221;off&#8221; global_colors_info=&#8221;{}&#8221;][\/et_pb_team_member][\/et_pb_column][\/et_pb_row][\/et_pb_section]<\/p>\n","protected":false},"excerpt":{"rendered":"<p>Blog Conscienzhare Ponemos a tu disposici\u00f3n art\u00edculos creados por nuestro equipo de expertas.<\/p>\n","protected":false},"author":1,"featured_media":0,"parent":0,"menu_order":0,"comment_status":"closed","ping_status":"closed","template":"","meta":{"_et_pb_use_builder":"on","_et_pb_old_content":"<!-- wp:divi\/placeholder \/-->","_et_gb_content_width":"","footnotes":""},"class_list":["post-138","page","type-page","status-publish","hentry"],"_links":{"self":[{"href":"http:\/\/conscienzhare.com.previewc75.carrierzone.com\/index.php?rest_route=\/wp\/v2\/pages\/138","targetHints":{"allow":["GET"]}}],"collection":[{"href":"http:\/\/conscienzhare.com.previewc75.carrierzone.com\/index.php?rest_route=\/wp\/v2\/pages"}],"about":[{"href":"http:\/\/conscienzhare.com.previewc75.carrierzone.com\/index.php?rest_route=\/wp\/v2\/types\/page"}],"author":[{"embeddable":true,"href":"http:\/\/conscienzhare.com.previewc75.carrierzone.com\/index.php?rest_route=\/wp\/v2\/users\/1"}],"replies":[{"embeddable":true,"href":"http:\/\/conscienzhare.com.previewc75.carrierzone.com\/index.php?rest_route=%2Fwp%2Fv2%2Fcomments&post=138"}],"version-history":[{"count":14,"href":"http:\/\/conscienzhare.com.previewc75.carrierzone.com\/index.php?rest_route=\/wp\/v2\/pages\/138\/revisions"}],"predecessor-version":[{"id":375,"href":"http:\/\/conscienzhare.com.previewc75.carrierzone.com\/index.php?rest_route=\/wp\/v2\/pages\/138\/revisions\/375"}],"wp:attachment":[{"href":"http:\/\/conscienzhare.com.previewc75.carrierzone.com\/index.php?rest_route=%2Fwp%2Fv2%2Fmedia&parent=138"}],"curies":[{"name":"wp","href":"https:\/\/api.w.org\/{rel}","templated":true}]}}